{"id":643,"date":"2024-04-05T14:35:37","date_gmt":"2024-04-05T17:35:37","guid":{"rendered":"https:\/\/jundipan.com.br\/?page_id=643"},"modified":"2024-04-25T16:11:22","modified_gmt":"2024-04-25T19:11:22","slug":"mini-copa-coffee-jundipan","status":"publish","type":"page","link":"https:\/\/jundipan.com.br\/?page_id=643","title":{"rendered":"Mini Copa Coffee Jundipan"},"content":{"rendered":"\t\t<div data-elementor-type=\"wp-page\" data-elementor-id=\"643\" class=\"elementor elementor-643\" data-elementor-post-type=\"page\">\n\t\t\t\t<div class=\"elementor-element elementor-element-eeabdcf e-flex e-con-boxed e-con e-parent\" data-id=\"eeabdcf\" data-element_type=\"container\" data-settings=\"{&quot;jet_parallax_layout_list&quot;:[]}\">\n\t\t\t\t\t<div class=\"e-con-inner\">\n\t\t\t\t<div class=\"elementor-element elementor-element-1773c22 elementor-widget elementor-widget-heading\" data-id=\"1773c22\" data-element_type=\"widget\" data-widget_type=\"heading.default\">\n\t\t\t\t<div class=\"elementor-widget-container\">\n\t\t\t\t\t<h2 class=\"elementor-heading-title elementor-size-default\">Mini Copa Coffee Jundipan<\/h2>\t\t\t\t<\/div>\n\t\t\t\t<\/div>\n\t\t\t\t\t<\/div>\n\t\t\t\t<\/div>\n\t\t<div class=\"elementor-element elementor-element-95a7f0d e-flex e-con-boxed e-con e-parent\" data-id=\"95a7f0d\" data-element_type=\"container\" data-settings=\"{&quot;jet_parallax_layout_list&quot;:[]}\">\n\t\t\t\t\t<div class=\"e-con-inner\">\n\t\t<div class=\"elementor-element elementor-element-a2a4022 e-con-full e-flex e-con e-child\" data-id=\"a2a4022\" data-element_type=\"container\" data-settings=\"{&quot;jet_parallax_layout_list&quot;:[]}\">\n\t\t\t\t<div class=\"elementor-element elementor-element-fb48dad elementor-widget__width-auto elementor-widget elementor-widget-heading\" data-id=\"fb48dad\" data-element_type=\"widget\" data-widget_type=\"heading.default\">\n\t\t\t\t<div class=\"elementor-widget-container\">\n\t\t\t\t\t<h2 class=\"elementor-heading-title elementor-size-default\">Regulamento<\/h2>\t\t\t\t<\/div>\n\t\t\t\t<\/div>\n\t\t\t\t<div class=\"elementor-element elementor-element-2cfd385 elementor-widget elementor-widget-text-editor\" data-id=\"2cfd385\" data-element_type=\"widget\" data-widget_type=\"text-editor.default\">\n\t\t\t\t<div class=\"elementor-widget-container\">\n\t\t\t\t\t\t\t\t\t<p>Mini Copa Coffee Jundipan<\/p><p>1. Objetivo:<br \/>Este regulamento tem por objetivo apresentar e estabelecer as regras e condi\u00e7\u00f5es a serem seguidas pelos competidores do Mini Copa Coffee Jundipan 2024.<br \/>Promover o caf\u00e9 na feira Jundipan;<br \/>Incentivar o desenvolvimento de profissionais e coffee-lovers para futuros<br \/>campeonatos brasileiros e mundiais;<br \/>A bebida ser\u00e1 avaliada pelos ju\u00edzes selecionados pela competi\u00e7\u00e3o.<\/p><p>2. Inscri\u00e7\u00e3o e Participantes:<br \/>A competi\u00e7\u00e3o \u00e9 aberta para qualquer profissional ou amador que efetue a inscri\u00e7\u00e3o e pague a taxa de participa\u00e7\u00e3o.<br \/>A inscri\u00e7\u00e3o d\u00e1 direito a vaga na competi\u00e7\u00e3o e ao caf\u00e9 para competir.<br \/>Ser\u00e3o disponibilizadas 12 vagas por ordem de inscri\u00e7\u00e3o, os participantes que excederem ser\u00e3o elencados em lista de espera.<br \/>O valor da inscri\u00e7\u00e3o ser\u00e1 de R$ 100,00 (cem reais) por competidor.<\/p><p>3. Local e data:<br \/>Endere\u00e7o: Parque Comendador Ant\u00f4nio Carbonari &#8211; Parque da Uva &#8211; Av. Jundia\u00ed, s\/n &#8211;<br \/>Anhangaba\u00fa, Jundia\u00ed &#8211; SP, 13208-051<br \/>Data: 11\/05\/2024<br \/>In\u00edcio: 16:00<br \/>Sorteio chaves: 16:15.<br \/>Primeira bateria: 16:50<\/p><p>4. Apresenta\u00e7\u00e3o da competi\u00e7\u00e3o:<br \/>A competi\u00e7\u00e3o ser\u00e1 apresentada a todos os presentes no local, bem como todas as orienta\u00e7\u00f5es ser\u00e3o passadas aos competidores.<\/p><p>5. Caf\u00e9s utilizados na competi\u00e7\u00e3o<br \/>O caf\u00e9 utilizado deve ser \u00fanica e exclusivamente fornecido pela organiza\u00e7\u00e3o para a competi\u00e7\u00e3o e \u00e9 expressamente proibido passar por processos que modifiquem ou<br \/>adicionem sabores e caracter\u00edsticas organol\u00e9pticas ao caf\u00e9.<br \/>Os caf\u00e9 utilizado na competi\u00e7\u00e3o ser\u00e1:<br \/>Fazenda: Fazenda Terracota<br \/>Produtor: Felipe Carvalho<br \/>Cidade: S\u00e3o Tom\u00e1s de Aquino &#8211; MG<br \/>Variedade: Pau Brasil<br \/>Altitude: 1100m<br \/>Processo: Dark Room<br \/>Torrefa\u00e7\u00e3o: DORA Coffee Roaster<br \/>*O Caf\u00e9 ser\u00e1 conhecido no dia, antes da competi\u00e7\u00e3o<\/p><p>6. Equipamentos utilizados na competi\u00e7\u00e3o:<br \/>\u00c9 obrigat\u00f3rio na competi\u00e7\u00e3o utilizar um m\u00e9todo de coado entre: Melitta 102, V60 &#8211; 02<br \/>ou KOAR.<br \/>Os competidores podem utilizar durante a apresenta\u00e7\u00e3o na competi\u00e7\u00e3o os itens abaixo:<br \/>&#8211; 1 M\u00e9todo de Preparo<br \/>&#8211; Filtros<br \/>&#8211; 1 Decanter\/Jarra<br \/>&#8211; 1 Chaleira\/Kettle<br \/>&#8211; 1 Moedor Manual ou el\u00e9trico 220V<br \/>&#8211; 1 Balan\u00e7a eletr\u00f4nica<br \/>Ser\u00e1 fornecida pela organiza\u00e7\u00e3o:<br \/>&#8211; Chaleira El\u00e9trica de Aquecimento<br \/>&#8211; Caf\u00e9 torrado disponibilizado pela competi\u00e7\u00e3o<br \/>&#8211; \u00c1gua de Preparo<br \/>&#8211; Lixo para descarte<\/p><p>7. Regras e objetivos da competi\u00e7\u00e3o:<br \/>Os competidores devem efetuar com os equipamentos e insumos disponibilizados a melhor extra\u00e7\u00e3o de caf\u00e9 de acordo com a avalia\u00e7\u00e3o dos ju\u00edzes, como descrito no t\u00f3pico 8 deste regulamento.<br \/>O tempo de cada bateria \u00e9 de 8 minutos e a contagem come\u00e7a com a chamada dos organizadores, caso o participante passe do limite de tempo estar\u00e1 automaticamente desclassificado. N\u00e3o existe toler\u00e2ncia de tempo.<br \/>O competidor poder\u00e1 utilizar a pr\u00f3pria \u00e1gua, desde que lacrada e aberta pela organiza\u00e7\u00e3o.<br \/>O volume final de caf\u00e9 servido para os ju\u00edzes deve ser de no m\u00ednimo 250ml,<br \/>sem toler\u00e2ncia de erro.<br \/>Ap\u00f3s a extra\u00e7\u00e3o o caf\u00e9 deve ser entregue aos ju\u00edzes dentro da jarra e dentro do tempo da bateria (8 minutos totais).<br \/>Ao colocar a jarra no local destinado para entrega o tempo do competidor \u00e9 finalizado.<br \/>O competidor deve deixar a esta\u00e7\u00e3o de competi\u00e7\u00e3o limpa ao finalizar a sua bateria.<br \/>Os ju\u00edzes ir\u00e3o julgar a bateria \u00e0s cegas, ou seja, sem saber quem s\u00e3o os competidores de cada amostra.<br \/>O vencedor da bateria ser\u00e1 anunciado pelos organizadores.<br \/>Os finalistas dever\u00e3o realizar o preparo da bebida e explicar as t\u00e9cnicas utilizadas na extra\u00e7\u00e3o.<br \/>Ser\u00e3o efetuadas 3 rodadas:<br \/>Eliminat\u00f3rias (2 competidores por bateria)<br \/>Semifinais (2 competidores por bateria) Finais (3 finalistas)<br \/>*O n\u00famero de competidores por rodada est\u00e1 sujeito a altera\u00e7\u00e3o de acordo com a quantidade de participantes.<\/p><p>8. Avalia\u00e7\u00e3o de bebida pelos ju\u00edzes A escolha do campe\u00e3o de cada bateria ser\u00e1 feita com base na melhor bebida de<br \/>forma geral e ser\u00e1 efetuada a avalia\u00e7\u00e3o no m\u00e9todo de cupping, considerando: Acidez, Do\u00e7ura, Corpo, Retrogosto e Equil\u00edbrio, a sele\u00e7\u00e3o ser\u00e1 feita ao mesmo tempo por<br \/>apontamento pelos tr\u00eas ju\u00edzes de cada bateria.<br \/>A avalia\u00e7\u00e3o \u00e9 efetuada sem conhecimento dos ju\u00edzes de quem \u00e9 cada x\u00edcara e quem s\u00e3o os competidores da rodada.<br \/>Os ju\u00edzes far\u00e3o a avalia\u00e7\u00e3o em local separado dos competidores.<\/p><p>9. Proibi\u00e7\u00f5es e motivos para desqualifica\u00e7\u00e3o:<br \/>&#8211; A utiliza\u00e7\u00e3o de \u00e1gua que n\u00e3o seja provida pela organiza\u00e7\u00e3o do evento ou lacrada para abertura no local.<br \/>&#8211; A adi\u00e7\u00e3o, modifica\u00e7\u00e3o ou utiliza\u00e7\u00e3o de agentes externos modificadores de sabor, textura, aroma e demais caracter\u00edsticas sensoriais do caf\u00e9.<br \/>&#8211; Caso ultrapasse o tempo da bateria (8 minutos), n\u00e3o h\u00e1 toler\u00e2ncia de tempo.<br \/>&#8211; Caso n\u00e3o atinja o volume m\u00ednimo de bebida.<br \/>&#8211; Caso n\u00e3o deixe a esta\u00e7\u00e3o de competi\u00e7\u00e3o limpa ao finalizar a sua bateria.<br \/>&#8211; Caso n\u00e3o pague o valor de inscri\u00e7\u00e3o.<br \/>&#8211; Desrespeito, humilha\u00e7\u00e3o e qualquer manifesta\u00e7\u00e3o preconceituosa e\/ou agressiva sobre g\u00eanero, religi\u00e3o, etnia, etc.<br \/>&#8211; Atitudes que levam a inj\u00faria, brigas, provoca\u00e7\u00f5es ou degrada\u00e7\u00e3o de outros participantes.<br \/>&#8211; N\u00e3o comparecimento no local e momento da prova\/bateria.<br \/>&#8211; Evas\u00e3o das depend\u00eancias da \u00e1rea do campeonato munido de equipamentos ou caf\u00e9 da competi\u00e7\u00e3o.<\/p><p>10. Premia\u00e7\u00e3o:<br \/>\ud83e\udd47\ud835\udfcf\u00ba \ud835\udc0b\ud835\udc14\ud835\udc06\ud835\udc00\ud835\udc11 &#8211; R$ 1.000,00 (Mil reais)<br \/>\ud83e\udd48\ud835\udfd0\u00ba \ud835\udc0b\ud835\udc14\ud835\udc06\ud835\udc00\ud835\udc11 &#8211; R$ 600,00 (Seiscentos reais)<br \/>\ud83e\udd49\ud835\udfd1\u00ba \ud835\udc0b\ud835\udc14\ud835\udc06\ud835\udc00\ud835\udc11 &#8211; R$ 300,00 (Trezentos reais)<\/p><p>11. Utiliza\u00e7\u00e3o de imagem<br \/>O participante e visitante declara a autoriza\u00e7\u00e3o para permitir o uso da imagem dos concorrentes, de forma expressa e irrevog\u00e1vel, gratuita e volunt\u00e1ria, ainda que seja utilizada para fins comerciais, por prazo indeterminado, em territ\u00f3rio nacional e internacional, em seu<br \/>site e qualquer outra forma de m\u00eddia, inclusive em campanhas publicit\u00e1rias, de cunho jornal\u00edstico, produ\u00e7\u00f5es fotogr\u00e1ficas, audiovisuais, em blogs, sites, materiais impressos,<br \/>programas televisivos, publica\u00e7\u00f5es internas e redes sociais.<\/p>\t\t\t\t\t\t\t\t<\/div>\n\t\t\t\t<\/div>\n\t\t\t\t<\/div>\n\t\t<div class=\"elementor-element elementor-element-a2d73f3 e-con-full e-flex e-con e-child\" data-id=\"a2d73f3\" data-element_type=\"container\" data-settings=\"{&quot;jet_parallax_layout_list&quot;:[]}\">\n\t\t\t\t<div class=\"elementor-element elementor-element-11b9610 elementor-icon-list--layout-traditional elementor-list-item-link-full_width elementor-widget elementor-widget-icon-list\" data-id=\"11b9610\" data-element_type=\"widget\" data-widget_type=\"icon-list.default\">\n\t\t\t\t<div class=\"elementor-widget-container\">\n\t\t\t\t\t\t\t<ul class=\"elementor-icon-list-items\">\n\t\t\t\t\t\t\t<li class=\"elementor-icon-list-item\">\n\t\t\t\t\t\t\t\t\t\t\t<span class=\"elementor-icon-list-icon\">\n\t\t\t\t\t\t\t<svg aria-hidden=\"true\" class=\"e-font-icon-svg e-fas-dollar-sign\" viewBox=\"0 0 288 512\" xmlns=\"http:\/\/www.w3.org\/2000\/svg\"><path d=\"M209.2 233.4l-108-31.6C88.7 198.2 80 186.5 80 173.5c0-16.3 13.2-29.5 29.5-29.5h66.3c12.2 0 24.2 3.7 34.2 10.5 6.1 4.1 14.3 3.1 19.5-2l34.8-34c7.1-6.9 6.1-18.4-1.8-24.5C238 74.8 207.4 64.1 176 64V16c0-8.8-7.2-16-16-16h-32c-8.8 0-16 7.2-16 16v48h-2.5C45.8 64-5.4 118.7.5 183.6c4.2 46.1 39.4 83.6 83.8 96.6l102.5 30c12.5 3.7 21.2 15.3 21.2 28.3 0 16.3-13.2 29.5-29.5 29.5h-66.3C100 368 88 364.3 78 357.5c-6.1-4.1-14.3-3.1-19.5 2l-34.8 34c-7.1 6.9-6.1 18.4 1.8 24.5 24.5 19.2 55.1 29.9 86.5 30v48c0 8.8 7.2 16 16 16h32c8.8 0 16-7.2 16-16v-48.2c46.6-.9 90.3-28.6 105.7-72.7 21.5-61.6-14.6-124.8-72.5-141.7z\"><\/path><\/svg>\t\t\t\t\t\t<\/span>\n\t\t\t\t\t\t\t\t\t\t<span class=\"elementor-icon-list-text\">Taxa de Inscri\u00e7\u00e3o: R$ 100,00<\/span>\n\t\t\t\t\t\t\t\t\t<\/li>\n\t\t\t\t\t\t<\/ul>\n\t\t\t\t\t\t<\/div>\n\t\t\t\t<\/div>\n\t\t\t\t<div class=\"elementor-element elementor-element-b70ae41 elementor-widget elementor-widget-raven-button\" data-id=\"b70ae41\" data-element_type=\"widget\" data-settings=\"{&quot;turn_to_popup_action_button&quot;:&quot;no&quot;}\" data-widget_type=\"raven-button.default\">\n\t\t\t\t<div class=\"elementor-widget-container\">\n\t\t\t\t\t\t\t<div class=\"raven-widget-wrapper\">\n\t\t\t<a class=\"raven-button raven-button-widget-normal-effect-none elementor-button raven-button-text-align-center elementor-animation-none\">\t\t\t\t<div class=\"raven-button-overlay\" ><\/div>\n\t\t\t\t<span class=\"raven-button-content\">\n\t\t\t\t\t\n\t\t\t\t\t<div class=\"button-text-container\">\n\t\t\t\t\t\t\t\t\t\t\t\t<div class=\"raven-button-texts-wrapper\">\n\t\t\t\t\t\t\t<div class=\"button-text\">\n\t\t\t\t\t\t\t\t<span class=\"raven-button-text\">\n\t\t\t\t\t\t\t\t\tVAGAS ESGOTADAS\t\t\t\t\t\t\t\t<\/span>\n\t\t\t\t\t\t\t<\/div>\n\t\t\t\t\t\t\t\t\t\t\t\t\t<\/div>\n\t\t\t\t\t\t\t\t\t\t\t<\/div>\n\t\t\t\t\t\n\t\t\t\t\t\t\t\t\t<\/span>\n\t\t\t<\/a>\t\t<\/div>\n\t\t\t\t\t\t<\/div>\n\t\t\t\t<\/div>\n\t\t\t\t<div class=\"elementor-element elementor-element-b630cc9 elementor-icon-list--layout-traditional elementor-list-item-link-full_width elementor-widget elementor-widget-icon-list\" data-id=\"b630cc9\" data-element_type=\"widget\" data-widget_type=\"icon-list.default\">\n\t\t\t\t<div class=\"elementor-widget-container\">\n\t\t\t\t\t\t\t<ul class=\"elementor-icon-list-items\">\n\t\t\t\t\t\t\t<li class=\"elementor-icon-list-item\">\n\t\t\t\t\t\t\t\t\t\t\t<span class=\"elementor-icon-list-icon\">\n\t\t\t\t\t\t\t<svg aria-hidden=\"true\" class=\"e-font-icon-svg e-fas-trophy\" viewBox=\"0 0 576 512\" xmlns=\"http:\/\/www.w3.org\/2000\/svg\"><path d=\"M552 64H448V24c0-13.3-10.7-24-24-24H152c-13.3 0-24 10.7-24 24v40H24C10.7 64 0 74.7 0 88v56c0 35.7 22.5 72.4 61.9 100.7 31.5 22.7 69.8 37.1 110 41.7C203.3 338.5 240 360 240 360v72h-48c-35.3 0-64 20.7-64 56v12c0 6.6 5.4 12 12 12h296c6.6 0 12-5.4 12-12v-12c0-35.3-28.7-56-64-56h-48v-72s36.7-21.5 68.1-73.6c40.3-4.6 78.6-19 110-41.7 39.3-28.3 61.9-65 61.9-100.7V88c0-13.3-10.7-24-24-24zM99.3 192.8C74.9 175.2 64 155.6 64 144v-16h64.2c1 32.6 5.8 61.2 12.8 86.2-15.1-5.2-29.2-12.4-41.7-21.4zM512 144c0 16.1-17.7 36.1-35.3 48.8-12.5 9-26.7 16.2-41.8 21.4 7-25 11.8-53.6 12.8-86.2H512v16z\"><\/path><\/svg>\t\t\t\t\t\t<\/span>\n\t\t\t\t\t\t\t\t\t\t<span class=\"elementor-icon-list-text\">Premia\u00e7\u00e3o<\/span>\n\t\t\t\t\t\t\t\t\t<\/li>\n\t\t\t\t\t\t\t\t<li class=\"elementor-icon-list-item\">\n\t\t\t\t\t\t\t\t\t\t<span class=\"elementor-icon-list-text\">\ud83e\udd47\ud835\udfcf\u00ba \ud835\udc0b\ud835\udc14\ud835\udc06\ud835\udc00\ud835\udc11 - R$ 1.000,00 (Mil reais)<\/span>\n\t\t\t\t\t\t\t\t\t<\/li>\n\t\t\t\t\t\t\t\t<li class=\"elementor-icon-list-item\">\n\t\t\t\t\t\t\t\t\t\t<span class=\"elementor-icon-list-text\">\ud83e\udd48\ud835\udfd0\u00ba \ud835\udc0b\ud835\udc14\ud835\udc06\ud835\udc00\ud835\udc11 - R$ 600,00 (Seiscentos reais) <\/span>\n\t\t\t\t\t\t\t\t\t<\/li>\n\t\t\t\t\t\t\t\t<li class=\"elementor-icon-list-item\">\n\t\t\t\t\t\t\t\t\t\t<span class=\"elementor-icon-list-text\">\ud83e\udd49\ud835\udfd1\u00ba \ud835\udc0b\ud835\udc14\ud835\udc06\ud835\udc00\ud835\udc11 - R$ 300,00 (Trezentos reais) <\/span>\n\t\t\t\t\t\t\t\t\t<\/li>\n\t\t\t\t\t\t<\/ul>\n\t\t\t\t\t\t<\/div>\n\t\t\t\t<\/div>\n\t\t\t\t<\/div>\n\t\t\t\t\t<\/div>\n\t\t\t\t<\/div>\n\t\t\t\t<\/div>\n\t\t","protected":false},"excerpt":{"rendered":"<p>Mini Copa Coffee Jundipan Regulamento Mini Copa Coffee Jundipan 1. Objetivo:Este regulamento tem por objetivo apresentar e estabelecer as regras e condi\u00e7\u00f5es a serem seguidas pelos competidores do Mini Copa Coffee Jundipan 2024.Promover o caf\u00e9 na feira Jundipan;Incentivar o desenvolvimento de profissionais e coffee-lovers para futuroscampeonatos brasileiros e mundiais;A bebida ser\u00e1 avaliada pelos ju\u00edzes selecionados [&hellip;]<\/p>\n","protected":false},"author":1,"featured_media":0,"parent":0,"menu_order":0,"comment_status":"closed","ping_status":"closed","template":"","meta":{"_acf_changed":false,"footnotes":""},"acf":[],"aioseo_notices":[],"_links":{"self":[{"href":"https:\/\/jundipan.com.br\/index.php?rest_route=\/wp\/v2\/pages\/643"}],"collection":[{"href":"https:\/\/jundipan.com.br\/index.php?rest_route=\/wp\/v2\/pages"}],"about":[{"href":"https:\/\/jundipan.com.br\/index.php?rest_route=\/wp\/v2\/types\/page"}],"author":[{"embeddable":true,"href":"https:\/\/jundipan.com.br\/index.php?rest_route=\/wp\/v2\/users\/1"}],"replies":[{"embeddable":true,"href":"https:\/\/jundipan.com.br\/index.php?rest_route=%2Fwp%2Fv2%2Fcomments&post=643"}],"version-history":[{"count":49,"href":"https:\/\/jundipan.com.br\/index.php?rest_route=\/wp\/v2\/pages\/643\/revisions"}],"predecessor-version":[{"id":707,"href":"https:\/\/jundipan.com.br\/index.php?rest_route=\/wp\/v2\/pages\/643\/revisions\/707"}],"wp:attachment":[{"href":"https:\/\/jundipan.com.br\/index.php?rest_route=%2Fwp%2Fv2%2Fmedia&parent=643"}],"curies":[{"name":"wp","href":"https:\/\/api.w.org\/{rel}","templated":true}]}}